{"id":45,"date":"2025-08-07T12:24:43","date_gmt":"2025-08-07T12:24:43","guid":{"rendered":"http:\/\/dummy.xtemos.com\/woodmart2\/elementor\/?page_id=45"},"modified":"2025-08-07T12:24:43","modified_gmt":"2025-08-07T12:24:43","slug":"compare","status":"publish","type":"page","link":"https:\/\/albertiniodonto.com.br\/agendamento\/compare\/","title":{"rendered":"Compare"},"content":{"rendered":"\t\t<p class=\"wd-empty-compare wd-empty-page\">\n\t\t\tA lista de compara\u00e7\u00e3o est\u00e1 vazia.\t\t<\/p>\n\t\t\t\t\t<div class=\"wd-empty-page-text\">\n\t\t\t\tNenhum produto adicionado \u00e0 lista de compara\u00e7\u00e3o. Voc\u00ea precisa adicionar alguns produtos para compar\u00e1-los. Voc\u00ea encontrar\u00e1 muitos produtos interessantes em nossa p\u00e1gina \"Loja\".\r\n\t\t\t<\/div>\n\t\t\t\t<p class=\"return-to-shop\">\n\t\t\t<a class=\"button\" href=\"https:\/\/albertiniodonto.com.br\/agendamento\">\n\t\t\t\tVoltar para a loja\t\t\t<\/a>\n\t\t<\/p>\n\t\t\n","protected":false},"excerpt":{"rendered":"","protected":false},"author":3,"featured_media":0,"parent":0,"menu_order":0,"comment_status":"closed","ping_status":"closed","template":"","meta":{"footnotes":""},"class_list":["post-45","page","type-page","status-publish","hentry"],"yoast_head":"<!-- This site is optimized with the Yoast SEO plugin v25.7 - https:\/\/yoast.com\/wordpress\/plugins\/seo\/ -->\n<title>Compare - Albertini Odonto<\/title>\n<meta name=\"description\" content=\"Dra. F\u00e1tima Albertini - Cirurgi\u00e3-dentista especialista em Odontopediatria e Sa\u00fade Infantil. Atendimento humanizado para crian\u00e7as e adolescentes desde 1991. Mestre pela Unicamp.\" \/>\n<meta name=\"robots\" content=\"index, follow, max-snippet:-1, max-image-preview:large, max-video-preview:-1\" \/>\n<link rel=\"canonical\" href=\"https:\/\/albertiniodonto.com.br\/agendamento\/compare\/\" \/>\n<meta property=\"og:locale\" content=\"pt_BR\" \/>\n<meta property=\"og:type\" content=\"article\" \/>\n<meta property=\"og:title\" content=\"Compare - Albertini Odonto\" \/>\n<meta property=\"og:description\" content=\"Dra. F\u00e1tima Albertini - Cirurgi\u00e3-dentista especialista em Odontopediatria e Sa\u00fade Infantil. Atendimento humanizado para crian\u00e7as e adolescentes desde 1991. Mestre pela Unicamp.\" \/>\n<meta property=\"og:url\" content=\"https:\/\/albertiniodonto.com.br\/agendamento\/compare\/\" \/>\n<meta property=\"og:site_name\" content=\"Albertini Odonto\" \/>\n<meta property=\"og:image\" content=\"https:\/\/albertiniodonto.com.br\/agendamento\/wp-content\/uploads\/2025\/08\/logoseo-albertini.png\" \/>\n\t<meta property=\"og:image:width\" content=\"692\" \/>\n\t<meta property=\"og:image:height\" content=\"520\" \/>\n\t<meta property=\"og:image:type\" content=\"image\/png\" \/>\n<meta name=\"twitter:card\" content=\"summary_large_image\" \/>\n<script type=\"application\/ld+json\" class=\"yoast-schema-graph\">{\"@context\":\"https:\/\/schema.org\",\"@graph\":[{\"@type\":\"WebPage\",\"@id\":\"https:\/\/albertiniodonto.com.br\/agendamento\/compare\/\",\"url\":\"https:\/\/albertiniodonto.com.br\/agendamento\/compare\/\",\"name\":\"Compare - Albertini Odonto\",\"isPartOf\":{\"@id\":\"https:\/\/albertiniodonto.com.br\/agendamento\/#website\"},\"datePublished\":\"2025-08-07T12:24:43+00:00\",\"description\":\"Dra. F\u00e1tima Albertini - Cirurgi\u00e3-dentista especialista em Odontopediatria e Sa\u00fade Infantil. Atendimento humanizado para crian\u00e7as e adolescentes desde 1991. Mestre pela Unicamp.\",\"breadcrumb\":{\"@id\":\"https:\/\/albertiniodonto.com.br\/agendamento\/compare\/#breadcrumb\"},\"inLanguage\":\"pt-BR\",\"potentialAction\":[{\"@type\":\"ReadAction\",\"target\":[\"https:\/\/albertiniodonto.com.br\/agendamento\/compare\/\"]}]},{\"@type\":\"BreadcrumbList\",\"@id\":\"https:\/\/albertiniodonto.com.br\/agendamento\/compare\/#breadcrumb\",\"itemListElement\":[{\"@type\":\"ListItem\",\"position\":1,\"name\":\"In\u00edcio\",\"item\":\"https:\/\/albertiniodonto.com.br\/agendamento\/\"},{\"@type\":\"ListItem\",\"position\":2,\"name\":\"Compare\"}]},{\"@type\":\"WebSite\",\"@id\":\"https:\/\/albertiniodonto.com.br\/agendamento\/#website\",\"url\":\"https:\/\/albertiniodonto.com.br\/agendamento\/\",\"name\":\"Albertini Odonto\",\"description\":\"Sorrisos saud\u00e1veis desde a inf\u00e2ncia \u2013 Cuidando do futuro com expertise e carinho!\",\"publisher\":{\"@id\":\"https:\/\/albertiniodonto.com.br\/agendamento\/#organization\"},\"potentialAction\":[{\"@type\":\"SearchAction\",\"target\":{\"@type\":\"EntryPoint\",\"urlTemplate\":\"https:\/\/albertiniodonto.com.br\/agendamento\/?s={search_term_string}\"},\"query-input\":{\"@type\":\"PropertyValueSpecification\",\"valueRequired\":true,\"valueName\":\"search_term_string\"}}],\"inLanguage\":\"pt-BR\"},{\"@type\":\"Organization\",\"@id\":\"https:\/\/albertiniodonto.com.br\/agendamento\/#organization\",\"name\":\"Albertini Odonto\",\"url\":\"https:\/\/albertiniodonto.com.br\/agendamento\/\",\"logo\":{\"@type\":\"ImageObject\",\"inLanguage\":\"pt-BR\",\"@id\":\"https:\/\/albertiniodonto.com.br\/agendamento\/#\/schema\/logo\/image\/\",\"url\":\"https:\/\/albertiniodonto.com.br\/agendamento\/wp-content\/uploads\/2025\/08\/logoseo-albertini.png\",\"contentUrl\":\"https:\/\/albertiniodonto.com.br\/agendamento\/wp-content\/uploads\/2025\/08\/logoseo-albertini.png\",\"width\":692,\"height\":520,\"caption\":\"Albertini Odonto\"},\"image\":{\"@id\":\"https:\/\/albertiniodonto.com.br\/agendamento\/#\/schema\/logo\/image\/\"}}]}<\/script>\n<!-- \/ Yoast SEO plugin. -->","yoast_head_json":{"title":"Compare - Albertini Odonto","description":"Dra. F\u00e1tima Albertini - Cirurgi\u00e3-dentista especialista em Odontopediatria e Sa\u00fade Infantil. Atendimento humanizado para crian\u00e7as e adolescentes desde 1991. Mestre pela Unicamp.","robots":{"index":"index","follow":"follow","max-snippet":"max-snippet:-1","max-image-preview":"max-image-preview:large","max-video-preview":"max-video-preview:-1"},"canonical":"https:\/\/albertiniodonto.com.br\/agendamento\/compare\/","og_locale":"pt_BR","og_type":"article","og_title":"Compare - Albertini Odonto","og_description":"Dra. F\u00e1tima Albertini - Cirurgi\u00e3-dentista especialista em Odontopediatria e Sa\u00fade Infantil. Atendimento humanizado para crian\u00e7as e adolescentes desde 1991. Mestre pela Unicamp.","og_url":"https:\/\/albertiniodonto.com.br\/agendamento\/compare\/","og_site_name":"Albertini Odonto","og_image":[{"width":692,"height":520,"url":"https:\/\/albertiniodonto.com.br\/agendamento\/wp-content\/uploads\/2025\/08\/logoseo-albertini.png","type":"image\/png"}],"twitter_card":"summary_large_image","schema":{"@context":"https:\/\/schema.org","@graph":[{"@type":"WebPage","@id":"https:\/\/albertiniodonto.com.br\/agendamento\/compare\/","url":"https:\/\/albertiniodonto.com.br\/agendamento\/compare\/","name":"Compare - Albertini Odonto","isPartOf":{"@id":"https:\/\/albertiniodonto.com.br\/agendamento\/#website"},"datePublished":"2025-08-07T12:24:43+00:00","description":"Dra. F\u00e1tima Albertini - Cirurgi\u00e3-dentista especialista em Odontopediatria e Sa\u00fade Infantil. Atendimento humanizado para crian\u00e7as e adolescentes desde 1991. Mestre pela Unicamp.","breadcrumb":{"@id":"https:\/\/albertiniodonto.com.br\/agendamento\/compare\/#breadcrumb"},"inLanguage":"pt-BR","potentialAction":[{"@type":"ReadAction","target":["https:\/\/albertiniodonto.com.br\/agendamento\/compare\/"]}]},{"@type":"BreadcrumbList","@id":"https:\/\/albertiniodonto.com.br\/agendamento\/compare\/#breadcrumb","itemListElement":[{"@type":"ListItem","position":1,"name":"In\u00edcio","item":"https:\/\/albertiniodonto.com.br\/agendamento\/"},{"@type":"ListItem","position":2,"name":"Compare"}]},{"@type":"WebSite","@id":"https:\/\/albertiniodonto.com.br\/agendamento\/#website","url":"https:\/\/albertiniodonto.com.br\/agendamento\/","name":"Albertini Odonto","description":"Sorrisos saud\u00e1veis desde a inf\u00e2ncia \u2013 Cuidando do futuro com expertise e carinho!","publisher":{"@id":"https:\/\/albertiniodonto.com.br\/agendamento\/#organization"},"potentialAction":[{"@type":"SearchAction","target":{"@type":"EntryPoint","urlTemplate":"https:\/\/albertiniodonto.com.br\/agendamento\/?s={search_term_string}"},"query-input":{"@type":"PropertyValueSpecification","valueRequired":true,"valueName":"search_term_string"}}],"inLanguage":"pt-BR"},{"@type":"Organization","@id":"https:\/\/albertiniodonto.com.br\/agendamento\/#organization","name":"Albertini Odonto","url":"https:\/\/albertiniodonto.com.br\/agendamento\/","logo":{"@type":"ImageObject","inLanguage":"pt-BR","@id":"https:\/\/albertiniodonto.com.br\/agendamento\/#\/schema\/logo\/image\/","url":"https:\/\/albertiniodonto.com.br\/agendamento\/wp-content\/uploads\/2025\/08\/logoseo-albertini.png","contentUrl":"https:\/\/albertiniodonto.com.br\/agendamento\/wp-content\/uploads\/2025\/08\/logoseo-albertini.png","width":692,"height":520,"caption":"Albertini Odonto"},"image":{"@id":"https:\/\/albertiniodonto.com.br\/agendamento\/#\/schema\/logo\/image\/"}}]}},"_links":{"self":[{"href":"https:\/\/albertiniodonto.com.br\/agendamento\/wp-json\/wp\/v2\/pages\/45","targetHints":{"allow":["GET"]}}],"collection":[{"href":"https:\/\/albertiniodonto.com.br\/agendamento\/wp-json\/wp\/v2\/pages"}],"about":[{"href":"https:\/\/albertiniodonto.com.br\/agendamento\/wp-json\/wp\/v2\/types\/page"}],"author":[{"embeddable":true,"href":"https:\/\/albertiniodonto.com.br\/agendamento\/wp-json\/wp\/v2\/users\/3"}],"replies":[{"embeddable":true,"href":"https:\/\/albertiniodonto.com.br\/agendamento\/wp-json\/wp\/v2\/comments?post=45"}],"version-history":[{"count":1,"href":"https:\/\/albertiniodonto.com.br\/agendamento\/wp-json\/wp\/v2\/pages\/45\/revisions"}],"predecessor-version":[{"id":29283,"href":"https:\/\/albertiniodonto.com.br\/agendamento\/wp-json\/wp\/v2\/pages\/45\/revisions\/29283"}],"wp:attachment":[{"href":"https:\/\/albertiniodonto.com.br\/agendamento\/wp-json\/wp\/v2\/media?parent=45"}],"curies":[{"name":"wp","href":"https:\/\/api.w.org\/{rel}","templated":true}]}}